{"id":24253,"date":"2025-01-03T02:14:52","date_gmt":"2025-01-02T19:14:52","guid":{"rendered":"https:\/\/www.ri2c-kmutnb.com\/tfii\/?page_id=24253"},"modified":"2025-01-04T23:43:20","modified_gmt":"2025-01-04T16:43:20","slug":"research-development-and-technological-transfer-department","status":"publish","type":"page","link":"https:\/\/tfii.kmutnb.ac.th\/en\/research-development-and-technological-transfer-department\/","title":{"rendered":"Operational Activities of Research, Development and Technological Transfer"},"content":{"rendered":"\t\t<div data-elementor-type=\"wp-page\" data-elementor-id=\"24253\" class=\"elementor elementor-24253\">\n\t\t\t\t<div class=\"elementor-element elementor-element-f694283 e-flex e-con-boxed e-con e-parent\" data-id=\"f694283\" data-element_type=\"container\">\n\t\t\t\t\t<div class=\"e-con-inner\">\n\t\t\t\t<div class=\"elementor-element elementor-element-5f24c7c elementor-widget elementor-widget-spacer\" data-id=\"5f24c7c\" data-element_type=\"widget\" data-widget_type=\"spacer.default\">\n\t\t\t\t<div class=\"elementor-widget-container\">\n\t\t\t\t\t\t\t<div class=\"elementor-spacer\">\n\t\t\t<div class=\"elementor-spacer-inner\"><\/div>\n\t\t<\/div>\n\t\t\t\t\t\t<\/div>\n\t\t\t\t<\/div>\n\t\t\t\t<div class=\"elementor-element elementor-element-8030925 elementor-invisible elementor-widget elementor-widget-edublink-heading\" data-id=\"8030925\" data-element_type=\"widget\" data-settings=\"{&quot;_animation&quot;:&quot;fadeInLeft&quot;}\" data-widget_type=\"edublink-heading.default\">\n\t\t\t\t<div class=\"elementor-widget-container\">\n\t\t\t\t\t<div class=\"edublink-section-heading\"><h3 class=\"heading\">Operational Activities of  <mark>Research, Development and Technological Transfer <\/mark><\/h3><div class=\"title-shape\"><i class=\"icon-19\"><\/i><\/div><\/div>\t\t\t\t<\/div>\n\t\t\t\t<\/div>\n\t\t\t\t<div class=\"elementor-element elementor-element-4f322f2 elementor-widget elementor-widget-spacer\" data-id=\"4f322f2\" data-element_type=\"widget\" data-widget_type=\"spacer.default\">\n\t\t\t\t<div class=\"elementor-widget-container\">\n\t\t\t\t\t\t\t<div class=\"elementor-spacer\">\n\t\t\t<div class=\"elementor-spacer-inner\"><\/div>\n\t\t<\/div>\n\t\t\t\t\t\t<\/div>\n\t\t\t\t<\/div>\n\t\t\t\t<div class=\"elementor-element elementor-element-48ae1b0 elementor-widget elementor-widget-edublink-button\" data-id=\"48ae1b0\" data-element_type=\"widget\" data-widget_type=\"edublink-button.default\">\n\t\t\t\t<div class=\"elementor-widget-container\">\n\t\t\t\t\t<div class=\"edublink-button-widget-wrapper\"><a class=\"edublink-button-item edublink-button-style-default edublink-button-size-custom edublink-button-icon-position-after default-style\" href=\"https:\/\/forms.gle\/Waau9AUBtg1d4S869\" target=\"_blank\">Click here to register for the training.<i class=\"icon-4\"><\/i><\/a><\/div>\t\t\t\t<\/div>\n\t\t\t\t<\/div>\n\t\t\t\t<div class=\"elementor-element elementor-element-54f01ca elementor-widget elementor-widget-spacer\" data-id=\"54f01ca\" data-element_type=\"widget\" data-widget_type=\"spacer.default\">\n\t\t\t\t<div class=\"elementor-widget-container\">\n\t\t\t\t\t\t\t<div class=\"elementor-spacer\">\n\t\t\t<div class=\"elementor-spacer-inner\"><\/div>\n\t\t<\/div>\n\t\t\t\t\t\t<\/div>\n\t\t\t\t<\/div>\n\t\t\t\t\t<\/div>\n\t\t\t\t<\/div>\n\t\t<div class=\"elementor-element elementor-element-2d1eb1b e-flex e-con-boxed e-con e-parent\" data-id=\"2d1eb1b\" data-element_type=\"container\">\n\t\t\t\t\t<div class=\"e-con-inner\">\n\t\t\t\t<div class=\"elementor-element elementor-element-ea616c8 elementor-widget elementor-widget-text-editor\" data-id=\"ea616c8\" data-element_type=\"widget\" data-widget_type=\"text-editor.default\">\n\t\t\t\t<div class=\"elementor-widget-container\">\n\t\t\t\t\t\t\t\t\t<p>\u00a0 \u00a0 \u00a0 \u00a0 \u00a0 \u00a0The Research, Development, and Technology Transfer Division was established through the collaboration between King Mongkut&#8217;s University of Technology North Bangkok and various private companies, both domestic and international, including Ekarat Solar Cell Company and Universit\u00e9 de Lorraine. This division conducts joint research with the Groupe de Recherche en \u00c9lectrotechnique et \u00c9lectronique de Nancy (Laboratoire GREEN) to establish the Renewable Energy Research Center (RERC). The center focuses on research related to renewable energy and energy management, with published works in academic conferences and journals at both national and international levels. It also serves as a laboratory for teaching in the Dual Degree Program in Electrical and Energy Engineering, a collaboration between Universit\u00e9 de Lorraine and King Mongkut&#8217;s University of Technology North Bangkok.<\/p><p>\u00a0 \u00a0 \u00a0 \u00a0 \u00a0 \u00a0 In addition, the center provides laboratory services for students interested in research related to renewable energy, such as fuel cells, solar energy, wind energy, and the management of renewable energy using advanced energy storage devices.<\/p>\t\t\t\t\t\t\t\t<\/div>\n\t\t\t\t<\/div>\n\t\t\t\t\t<\/div>\n\t\t\t\t<\/div>\n\t\t<div class=\"elementor-element elementor-element-a9ee096 e-flex e-con-boxed e-con e-parent\" data-id=\"a9ee096\" data-element_type=\"container\">\n\t\t\t\t\t<div class=\"e-con-inner\">\n\t\t\t\t<div class=\"elementor-element elementor-element-44d9603 elementor-widget elementor-widget-image-gallery\" data-id=\"44d9603\" data-element_type=\"widget\" data-widget_type=\"image-gallery.default\">\n\t\t\t\t<div class=\"elementor-widget-container\">\n\t\t\t\t\t\t\t<div class=\"elementor-image-gallery\">\n\t\t\t<div id='gallery-1' class='gallery galleryid-24253 gallery-columns-3 gallery-size-large'><figure class='gallery-item'>\n\t\t\t<div class='gallery-icon landscape'>\n\t\t\t\t<a data-elementor-open-lightbox=\"yes\" data-elementor-lightbox-slideshow=\"44d9603\" data-elementor-lightbox-title=\"P1079239\" data-e-action-hash=\"#elementor-action%3Aaction%3Dlightbox%26settings%3DeyJpZCI6MjQyNjMsInVybCI6Imh0dHBzOlwvXC90ZmlpLmttdXRuYi5hYy50aFwvZW5cL3dwLWNvbnRlbnRcL3VwbG9hZHNcLzIwMjVcLzAxXC9QMTA3OTIzOS1zY2FsZWQuanBnIiwic2xpZGVzaG93IjoiNDRkOTYwMyJ9\" href='https:\/\/tfii.kmutnb.ac.th\/en\/wp-content\/uploads\/2025\/01\/P1079239-scaled.jpg'><img fetchpriority=\"high\" decoding=\"async\" width=\"640\" height=\"427\" src=\"https:\/\/tfii.kmutnb.ac.th\/en\/wp-content\/uploads\/2025\/01\/P1079239-1024x683.jpg\" class=\"attachment-large size-large\" alt=\"\" srcset=\"https:\/\/tfii.kmutnb.ac.th\/en\/wp-content\/uploads\/2025\/01\/P1079239-1024x683.jpg 1024w, https:\/\/tfii.kmutnb.ac.th\/en\/wp-content\/uploads\/2025\/01\/P1079239-300x200.jpg 300w, https:\/\/tfii.kmutnb.ac.th\/en\/wp-content\/uploads\/2025\/01\/P1079239-768x512.jpg 768w, https:\/\/tfii.kmutnb.ac.th\/en\/wp-content\/uploads\/2025\/01\/P1079239-1536x1024.jpg 1536w, https:\/\/tfii.kmutnb.ac.th\/en\/wp-content\/uploads\/2025\/01\/P1079239-2048x1365.jpg 2048w\" sizes=\"(max-width: 640px) 100vw, 640px\" \/><\/a>\n\t\t\t<\/div><\/figure><figure class='gallery-item'>\n\t\t\t<div class='gallery-icon landscape'>\n\t\t\t\t<a data-elementor-open-lightbox=\"yes\" data-elementor-lightbox-slideshow=\"44d9603\" data-elementor-lightbox-title=\"P1079247\" data-e-action-hash=\"#elementor-action%3Aaction%3Dlightbox%26settings%3DeyJpZCI6MjQyNjUsInVybCI6Imh0dHBzOlwvXC90ZmlpLmttdXRuYi5hYy50aFwvZW5cL3dwLWNvbnRlbnRcL3VwbG9hZHNcLzIwMjVcLzAxXC9QMTA3OTI0Ny1zY2FsZWQuanBnIiwic2xpZGVzaG93IjoiNDRkOTYwMyJ9\" href='https:\/\/tfii.kmutnb.ac.th\/en\/wp-content\/uploads\/2025\/01\/P1079247-scaled.jpg'><img decoding=\"async\" width=\"640\" height=\"427\" src=\"https:\/\/tfii.kmutnb.ac.th\/en\/wp-content\/uploads\/2025\/01\/P1079247-1024x683.jpg\" class=\"attachment-large size-large\" alt=\"\" srcset=\"https:\/\/tfii.kmutnb.ac.th\/en\/wp-content\/uploads\/2025\/01\/P1079247-1024x683.jpg 1024w, https:\/\/tfii.kmutnb.ac.th\/en\/wp-content\/uploads\/2025\/01\/P1079247-300x200.jpg 300w, https:\/\/tfii.kmutnb.ac.th\/en\/wp-content\/uploads\/2025\/01\/P1079247-768x512.jpg 768w, https:\/\/tfii.kmutnb.ac.th\/en\/wp-content\/uploads\/2025\/01\/P1079247-1536x1024.jpg 1536w, https:\/\/tfii.kmutnb.ac.th\/en\/wp-content\/uploads\/2025\/01\/P1079247-2048x1365.jpg 2048w\" sizes=\"(max-width: 640px) 100vw, 640px\" \/><\/a>\n\t\t\t<\/div><\/figure><figure class='gallery-item'>\n\t\t\t<div class='gallery-icon landscape'>\n\t\t\t\t<a data-elementor-open-lightbox=\"yes\" data-elementor-lightbox-slideshow=\"44d9603\" data-elementor-lightbox-title=\"P1079250\" data-e-action-hash=\"#elementor-action%3Aaction%3Dlightbox%26settings%3DeyJpZCI6MjQyNjYsInVybCI6Imh0dHBzOlwvXC90ZmlpLmttdXRuYi5hYy50aFwvZW5cL3dwLWNvbnRlbnRcL3VwbG9hZHNcLzIwMjVcLzAxXC9QMTA3OTI1MC1zY2FsZWQuanBnIiwic2xpZGVzaG93IjoiNDRkOTYwMyJ9\" href='https:\/\/tfii.kmutnb.ac.th\/en\/wp-content\/uploads\/2025\/01\/P1079250-scaled.jpg'><img decoding=\"async\" width=\"640\" height=\"427\" src=\"https:\/\/tfii.kmutnb.ac.th\/en\/wp-content\/uploads\/2025\/01\/P1079250-1024x683.jpg\" class=\"attachment-large size-large\" alt=\"\" srcset=\"https:\/\/tfii.kmutnb.ac.th\/en\/wp-content\/uploads\/2025\/01\/P1079250-1024x683.jpg 1024w, https:\/\/tfii.kmutnb.ac.th\/en\/wp-content\/uploads\/2025\/01\/P1079250-300x200.jpg 300w, https:\/\/tfii.kmutnb.ac.th\/en\/wp-content\/uploads\/2025\/01\/P1079250-768x512.jpg 768w, https:\/\/tfii.kmutnb.ac.th\/en\/wp-content\/uploads\/2025\/01\/P1079250-1536x1024.jpg 1536w, https:\/\/tfii.kmutnb.ac.th\/en\/wp-content\/uploads\/2025\/01\/P1079250-2048x1365.jpg 2048w\" sizes=\"(max-width: 640px) 100vw, 640px\" \/><\/a>\n\t\t\t<\/div><\/figure><figure class='gallery-item'>\n\t\t\t<div class='gallery-icon landscape'>\n\t\t\t\t<a data-elementor-open-lightbox=\"yes\" data-elementor-lightbox-slideshow=\"44d9603\" data-elementor-lightbox-title=\"P1079253\" data-e-action-hash=\"#elementor-action%3Aaction%3Dlightbox%26settings%3DeyJpZCI6MjQyNjcsInVybCI6Imh0dHBzOlwvXC90ZmlpLmttdXRuYi5hYy50aFwvZW5cL3dwLWNvbnRlbnRcL3VwbG9hZHNcLzIwMjVcLzAxXC9QMTA3OTI1My1zY2FsZWQuanBnIiwic2xpZGVzaG93IjoiNDRkOTYwMyJ9\" href='https:\/\/tfii.kmutnb.ac.th\/en\/wp-content\/uploads\/2025\/01\/P1079253-scaled.jpg'><img loading=\"lazy\" decoding=\"async\" width=\"640\" height=\"427\" src=\"https:\/\/tfii.kmutnb.ac.th\/en\/wp-content\/uploads\/2025\/01\/P1079253-1024x683.jpg\" class=\"attachment-large size-large\" alt=\"\" srcset=\"https:\/\/tfii.kmutnb.ac.th\/en\/wp-content\/uploads\/2025\/01\/P1079253-1024x683.jpg 1024w, https:\/\/tfii.kmutnb.ac.th\/en\/wp-content\/uploads\/2025\/01\/P1079253-300x200.jpg 300w, https:\/\/tfii.kmutnb.ac.th\/en\/wp-content\/uploads\/2025\/01\/P1079253-768x512.jpg 768w, https:\/\/tfii.kmutnb.ac.th\/en\/wp-content\/uploads\/2025\/01\/P1079253-1536x1024.jpg 1536w, https:\/\/tfii.kmutnb.ac.th\/en\/wp-content\/uploads\/2025\/01\/P1079253-2048x1365.jpg 2048w\" sizes=\"(max-width: 640px) 100vw, 640px\" \/><\/a>\n\t\t\t<\/div><\/figure><figure class='gallery-item'>\n\t\t\t<div class='gallery-icon landscape'>\n\t\t\t\t<a data-elementor-open-lightbox=\"yes\" data-elementor-lightbox-slideshow=\"44d9603\" data-elementor-lightbox-title=\"P1079260\" data-e-action-hash=\"#elementor-action%3Aaction%3Dlightbox%26settings%3DeyJpZCI6MjQyNjgsInVybCI6Imh0dHBzOlwvXC90ZmlpLmttdXRuYi5hYy50aFwvZW5cL3dwLWNvbnRlbnRcL3VwbG9hZHNcLzIwMjVcLzAxXC9QMTA3OTI2MC1zY2FsZWQuanBnIiwic2xpZGVzaG93IjoiNDRkOTYwMyJ9\" href='https:\/\/tfii.kmutnb.ac.th\/en\/wp-content\/uploads\/2025\/01\/P1079260-scaled.jpg'><img loading=\"lazy\" decoding=\"async\" width=\"640\" height=\"427\" src=\"https:\/\/tfii.kmutnb.ac.th\/en\/wp-content\/uploads\/2025\/01\/P1079260-1024x683.jpg\" class=\"attachment-large size-large\" alt=\"\" srcset=\"https:\/\/tfii.kmutnb.ac.th\/en\/wp-content\/uploads\/2025\/01\/P1079260-1024x683.jpg 1024w, https:\/\/tfii.kmutnb.ac.th\/en\/wp-content\/uploads\/2025\/01\/P1079260-300x200.jpg 300w, https:\/\/tfii.kmutnb.ac.th\/en\/wp-content\/uploads\/2025\/01\/P1079260-768x512.jpg 768w, https:\/\/tfii.kmutnb.ac.th\/en\/wp-content\/uploads\/2025\/01\/P1079260-1536x1024.jpg 1536w, https:\/\/tfii.kmutnb.ac.th\/en\/wp-content\/uploads\/2025\/01\/P1079260-2048x1365.jpg 2048w\" sizes=\"(max-width: 640px) 100vw, 640px\" \/><\/a>\n\t\t\t<\/div><\/figure><figure class='gallery-item'>\n\t\t\t<div class='gallery-icon landscape'>\n\t\t\t\t<a data-elementor-open-lightbox=\"yes\" data-elementor-lightbox-slideshow=\"44d9603\" data-elementor-lightbox-title=\"P1079262\" data-e-action-hash=\"#elementor-action%3Aaction%3Dlightbox%26settings%3DeyJpZCI6MjQyNjksInVybCI6Imh0dHBzOlwvXC90ZmlpLmttdXRuYi5hYy50aFwvZW5cL3dwLWNvbnRlbnRcL3VwbG9hZHNcLzIwMjVcLzAxXC9QMTA3OTI2Mi1zY2FsZWQuanBnIiwic2xpZGVzaG93IjoiNDRkOTYwMyJ9\" href='https:\/\/tfii.kmutnb.ac.th\/en\/wp-content\/uploads\/2025\/01\/P1079262-scaled.jpg'><img loading=\"lazy\" decoding=\"async\" width=\"640\" height=\"427\" src=\"https:\/\/tfii.kmutnb.ac.th\/en\/wp-content\/uploads\/2025\/01\/P1079262-1024x683.jpg\" class=\"attachment-large size-large\" alt=\"\" srcset=\"https:\/\/tfii.kmutnb.ac.th\/en\/wp-content\/uploads\/2025\/01\/P1079262-1024x683.jpg 1024w, https:\/\/tfii.kmutnb.ac.th\/en\/wp-content\/uploads\/2025\/01\/P1079262-300x200.jpg 300w, https:\/\/tfii.kmutnb.ac.th\/en\/wp-content\/uploads\/2025\/01\/P1079262-768x512.jpg 768w, https:\/\/tfii.kmutnb.ac.th\/en\/wp-content\/uploads\/2025\/01\/P1079262-1536x1024.jpg 1536w, https:\/\/tfii.kmutnb.ac.th\/en\/wp-content\/uploads\/2025\/01\/P1079262-2048x1365.jpg 2048w\" sizes=\"(max-width: 640px) 100vw, 640px\" \/><\/a>\n\t\t\t<\/div><\/figure><figure class='gallery-item'>\n\t\t\t<div class='gallery-icon landscape'>\n\t\t\t\t<a data-elementor-open-lightbox=\"yes\" data-elementor-lightbox-slideshow=\"44d9603\" data-elementor-lightbox-title=\"P1079287\" data-e-action-hash=\"#elementor-action%3Aaction%3Dlightbox%26settings%3DeyJpZCI6MjQyNzAsInVybCI6Imh0dHBzOlwvXC90ZmlpLmttdXRuYi5hYy50aFwvZW5cL3dwLWNvbnRlbnRcL3VwbG9hZHNcLzIwMjVcLzAxXC9QMTA3OTI4Ny1zY2FsZWQuanBnIiwic2xpZGVzaG93IjoiNDRkOTYwMyJ9\" href='https:\/\/tfii.kmutnb.ac.th\/en\/wp-content\/uploads\/2025\/01\/P1079287-scaled.jpg'><img loading=\"lazy\" decoding=\"async\" width=\"640\" height=\"401\" src=\"https:\/\/tfii.kmutnb.ac.th\/en\/wp-content\/uploads\/2025\/01\/P1079287-1024x642.jpg\" class=\"attachment-large size-large\" alt=\"\" srcset=\"https:\/\/tfii.kmutnb.ac.th\/en\/wp-content\/uploads\/2025\/01\/P1079287-1024x642.jpg 1024w, https:\/\/tfii.kmutnb.ac.th\/en\/wp-content\/uploads\/2025\/01\/P1079287-300x188.jpg 300w, https:\/\/tfii.kmutnb.ac.th\/en\/wp-content\/uploads\/2025\/01\/P1079287-768x482.jpg 768w, https:\/\/tfii.kmutnb.ac.th\/en\/wp-content\/uploads\/2025\/01\/P1079287-1536x964.jpg 1536w, https:\/\/tfii.kmutnb.ac.th\/en\/wp-content\/uploads\/2025\/01\/P1079287-2048x1285.jpg 2048w\" sizes=\"(max-width: 640px) 100vw, 640px\" \/><\/a>\n\t\t\t<\/div><\/figure><figure class='gallery-item'>\n\t\t\t<div class='gallery-icon landscape'>\n\t\t\t\t<a data-elementor-open-lightbox=\"yes\" data-elementor-lightbox-slideshow=\"44d9603\" data-elementor-lightbox-title=\"P1079288\" data-e-action-hash=\"#elementor-action%3Aaction%3Dlightbox%26settings%3DeyJpZCI6MjQyNzEsInVybCI6Imh0dHBzOlwvXC90ZmlpLmttdXRuYi5hYy50aFwvZW5cL3dwLWNvbnRlbnRcL3VwbG9hZHNcLzIwMjVcLzAxXC9QMTA3OTI4OC1zY2FsZWQuanBnIiwic2xpZGVzaG93IjoiNDRkOTYwMyJ9\" href='https:\/\/tfii.kmutnb.ac.th\/en\/wp-content\/uploads\/2025\/01\/P1079288-scaled.jpg'><img loading=\"lazy\" decoding=\"async\" width=\"640\" height=\"427\" src=\"https:\/\/tfii.kmutnb.ac.th\/en\/wp-content\/uploads\/2025\/01\/P1079288-1024x683.jpg\" class=\"attachment-large size-large\" alt=\"\" srcset=\"https:\/\/tfii.kmutnb.ac.th\/en\/wp-content\/uploads\/2025\/01\/P1079288-1024x683.jpg 1024w, https:\/\/tfii.kmutnb.ac.th\/en\/wp-content\/uploads\/2025\/01\/P1079288-300x200.jpg 300w, https:\/\/tfii.kmutnb.ac.th\/en\/wp-content\/uploads\/2025\/01\/P1079288-768x512.jpg 768w, https:\/\/tfii.kmutnb.ac.th\/en\/wp-content\/uploads\/2025\/01\/P1079288-1536x1024.jpg 1536w, https:\/\/tfii.kmutnb.ac.th\/en\/wp-content\/uploads\/2025\/01\/P1079288-2048x1365.jpg 2048w\" sizes=\"(max-width: 640px) 100vw, 640px\" \/><\/a>\n\t\t\t<\/div><\/figure><figure class='gallery-item'>\n\t\t\t<div class='gallery-icon landscape'>\n\t\t\t\t<a data-elementor-open-lightbox=\"yes\" data-elementor-lightbox-slideshow=\"44d9603\" data-elementor-lightbox-title=\"P1079291\" data-e-action-hash=\"#elementor-action%3Aaction%3Dlightbox%26settings%3DeyJpZCI6MjQyNzIsInVybCI6Imh0dHBzOlwvXC90ZmlpLmttdXRuYi5hYy50aFwvZW5cL3dwLWNvbnRlbnRcL3VwbG9hZHNcLzIwMjVcLzAxXC9QMTA3OTI5MS1zY2FsZWQuanBnIiwic2xpZGVzaG93IjoiNDRkOTYwMyJ9\" href='https:\/\/tfii.kmutnb.ac.th\/en\/wp-content\/uploads\/2025\/01\/P1079291-scaled.jpg'><img loading=\"lazy\" decoding=\"async\" width=\"640\" height=\"427\" src=\"https:\/\/tfii.kmutnb.ac.th\/en\/wp-content\/uploads\/2025\/01\/P1079291-1024x683.jpg\" class=\"attachment-large size-large\" alt=\"\" srcset=\"https:\/\/tfii.kmutnb.ac.th\/en\/wp-content\/uploads\/2025\/01\/P1079291-1024x683.jpg 1024w, https:\/\/tfii.kmutnb.ac.th\/en\/wp-content\/uploads\/2025\/01\/P1079291-300x200.jpg 300w, https:\/\/tfii.kmutnb.ac.th\/en\/wp-content\/uploads\/2025\/01\/P1079291-768x512.jpg 768w, https:\/\/tfii.kmutnb.ac.th\/en\/wp-content\/uploads\/2025\/01\/P1079291-1536x1024.jpg 1536w, https:\/\/tfii.kmutnb.ac.th\/en\/wp-content\/uploads\/2025\/01\/P1079291-2048x1365.jpg 2048w\" sizes=\"(max-width: 640px) 100vw, 640px\" \/><\/a>\n\t\t\t<\/div><\/figure><figure class='gallery-item'>\n\t\t\t<div class='gallery-icon landscape'>\n\t\t\t\t<a data-elementor-open-lightbox=\"yes\" data-elementor-lightbox-slideshow=\"44d9603\" data-elementor-lightbox-title=\"P1079292\" data-e-action-hash=\"#elementor-action%3Aaction%3Dlightbox%26settings%3DeyJpZCI6MjQyNzMsInVybCI6Imh0dHBzOlwvXC90ZmlpLmttdXRuYi5hYy50aFwvZW5cL3dwLWNvbnRlbnRcL3VwbG9hZHNcLzIwMjVcLzAxXC9QMTA3OTI5Mi1zY2FsZWQuanBnIiwic2xpZGVzaG93IjoiNDRkOTYwMyJ9\" href='https:\/\/tfii.kmutnb.ac.th\/en\/wp-content\/uploads\/2025\/01\/P1079292-scaled.jpg'><img loading=\"lazy\" decoding=\"async\" width=\"640\" height=\"427\" src=\"https:\/\/tfii.kmutnb.ac.th\/en\/wp-content\/uploads\/2025\/01\/P1079292-1024x683.jpg\" class=\"attachment-large size-large\" alt=\"\" srcset=\"https:\/\/tfii.kmutnb.ac.th\/en\/wp-content\/uploads\/2025\/01\/P1079292-1024x683.jpg 1024w, https:\/\/tfii.kmutnb.ac.th\/en\/wp-content\/uploads\/2025\/01\/P1079292-300x200.jpg 300w, https:\/\/tfii.kmutnb.ac.th\/en\/wp-content\/uploads\/2025\/01\/P1079292-768x512.jpg 768w, https:\/\/tfii.kmutnb.ac.th\/en\/wp-content\/uploads\/2025\/01\/P1079292-1536x1024.jpg 1536w, https:\/\/tfii.kmutnb.ac.th\/en\/wp-content\/uploads\/2025\/01\/P1079292-2048x1365.jpg 2048w\" sizes=\"(max-width: 640px) 100vw, 640px\" \/><\/a>\n\t\t\t<\/div><\/figure><figure class='gallery-item'>\n\t\t\t<div class='gallery-icon landscape'>\n\t\t\t\t<a data-elementor-open-lightbox=\"yes\" data-elementor-lightbox-slideshow=\"44d9603\" data-elementor-lightbox-title=\"P1079300\" data-e-action-hash=\"#elementor-action%3Aaction%3Dlightbox%26settings%3DeyJpZCI6MjQyNzQsInVybCI6Imh0dHBzOlwvXC90ZmlpLmttdXRuYi5hYy50aFwvZW5cL3dwLWNvbnRlbnRcL3VwbG9hZHNcLzIwMjVcLzAxXC9QMTA3OTMwMC1zY2FsZWQuanBnIiwic2xpZGVzaG93IjoiNDRkOTYwMyJ9\" href='https:\/\/tfii.kmutnb.ac.th\/en\/wp-content\/uploads\/2025\/01\/P1079300-scaled.jpg'><img loading=\"lazy\" decoding=\"async\" width=\"640\" height=\"427\" src=\"https:\/\/tfii.kmutnb.ac.th\/en\/wp-content\/uploads\/2025\/01\/P1079300-1024x683.jpg\" class=\"attachment-large size-large\" alt=\"\" srcset=\"https:\/\/tfii.kmutnb.ac.th\/en\/wp-content\/uploads\/2025\/01\/P1079300-1024x683.jpg 1024w, https:\/\/tfii.kmutnb.ac.th\/en\/wp-content\/uploads\/2025\/01\/P1079300-300x200.jpg 300w, https:\/\/tfii.kmutnb.ac.th\/en\/wp-content\/uploads\/2025\/01\/P1079300-768x512.jpg 768w, https:\/\/tfii.kmutnb.ac.th\/en\/wp-content\/uploads\/2025\/01\/P1079300-1536x1024.jpg 1536w, https:\/\/tfii.kmutnb.ac.th\/en\/wp-content\/uploads\/2025\/01\/P1079300-2048x1365.jpg 2048w\" sizes=\"(max-width: 640px) 100vw, 640px\" \/><\/a>\n\t\t\t<\/div><\/figure><figure class='gallery-item'>\n\t\t\t<div class='gallery-icon landscape'>\n\t\t\t\t<a data-elementor-open-lightbox=\"yes\" data-elementor-lightbox-slideshow=\"44d9603\" data-elementor-lightbox-title=\"P1079301\" data-e-action-hash=\"#elementor-action%3Aaction%3Dlightbox%26settings%3DeyJpZCI6MjQyNzUsInVybCI6Imh0dHBzOlwvXC90ZmlpLmttdXRuYi5hYy50aFwvZW5cL3dwLWNvbnRlbnRcL3VwbG9hZHNcLzIwMjVcLzAxXC9QMTA3OTMwMS1zY2FsZWQuanBnIiwic2xpZGVzaG93IjoiNDRkOTYwMyJ9\" href='https:\/\/tfii.kmutnb.ac.th\/en\/wp-content\/uploads\/2025\/01\/P1079301-scaled.jpg'><img loading=\"lazy\" decoding=\"async\" width=\"640\" height=\"427\" src=\"https:\/\/tfii.kmutnb.ac.th\/en\/wp-content\/uploads\/2025\/01\/P1079301-1024x683.jpg\" class=\"attachment-large size-large\" alt=\"\" srcset=\"https:\/\/tfii.kmutnb.ac.th\/en\/wp-content\/uploads\/2025\/01\/P1079301-1024x683.jpg 1024w, https:\/\/tfii.kmutnb.ac.th\/en\/wp-content\/uploads\/2025\/01\/P1079301-300x200.jpg 300w, https:\/\/tfii.kmutnb.ac.th\/en\/wp-content\/uploads\/2025\/01\/P1079301-768x512.jpg 768w, https:\/\/tfii.kmutnb.ac.th\/en\/wp-content\/uploads\/2025\/01\/P1079301-1536x1024.jpg 1536w, https:\/\/tfii.kmutnb.ac.th\/en\/wp-content\/uploads\/2025\/01\/P1079301-2048x1365.jpg 2048w\" sizes=\"(max-width: 640px) 100vw, 640px\" \/><\/a>\n\t\t\t<\/div><\/figure><figure class='gallery-item'>\n\t\t\t<div class='gallery-icon landscape'>\n\t\t\t\t<a data-elementor-open-lightbox=\"yes\" data-elementor-lightbox-slideshow=\"44d9603\" data-elementor-lightbox-title=\"P1079304\" data-e-action-hash=\"#elementor-action%3Aaction%3Dlightbox%26settings%3DeyJpZCI6MjQyNzYsInVybCI6Imh0dHBzOlwvXC90ZmlpLmttdXRuYi5hYy50aFwvZW5cL3dwLWNvbnRlbnRcL3VwbG9hZHNcLzIwMjVcLzAxXC9QMTA3OTMwNC1zY2FsZWQuanBnIiwic2xpZGVzaG93IjoiNDRkOTYwMyJ9\" href='https:\/\/tfii.kmutnb.ac.th\/en\/wp-content\/uploads\/2025\/01\/P1079304-scaled.jpg'><img loading=\"lazy\" decoding=\"async\" width=\"640\" height=\"427\" src=\"https:\/\/tfii.kmutnb.ac.th\/en\/wp-content\/uploads\/2025\/01\/P1079304-1024x683.jpg\" class=\"attachment-large size-large\" alt=\"\" srcset=\"https:\/\/tfii.kmutnb.ac.th\/en\/wp-content\/uploads\/2025\/01\/P1079304-1024x683.jpg 1024w, https:\/\/tfii.kmutnb.ac.th\/en\/wp-content\/uploads\/2025\/01\/P1079304-300x200.jpg 300w, https:\/\/tfii.kmutnb.ac.th\/en\/wp-content\/uploads\/2025\/01\/P1079304-768x512.jpg 768w, https:\/\/tfii.kmutnb.ac.th\/en\/wp-content\/uploads\/2025\/01\/P1079304-1536x1024.jpg 1536w, https:\/\/tfii.kmutnb.ac.th\/en\/wp-content\/uploads\/2025\/01\/P1079304-2048x1365.jpg 2048w\" sizes=\"(max-width: 640px) 100vw, 640px\" \/><\/a>\n\t\t\t<\/div><\/figure><figure class='gallery-item'>\n\t\t\t<div class='gallery-icon landscape'>\n\t\t\t\t<a data-elementor-open-lightbox=\"yes\" data-elementor-lightbox-slideshow=\"44d9603\" data-elementor-lightbox-title=\"P1146051\" data-e-action-hash=\"#elementor-action%3Aaction%3Dlightbox%26settings%3DeyJpZCI6MjQyNzcsInVybCI6Imh0dHBzOlwvXC90ZmlpLmttdXRuYi5hYy50aFwvZW5cL3dwLWNvbnRlbnRcL3VwbG9hZHNcLzIwMjVcLzAxXC9QMTE0NjA1MS1zY2FsZWQuanBnIiwic2xpZGVzaG93IjoiNDRkOTYwMyJ9\" href='https:\/\/tfii.kmutnb.ac.th\/en\/wp-content\/uploads\/2025\/01\/P1146051-scaled.jpg'><img loading=\"lazy\" decoding=\"async\" width=\"640\" height=\"427\" src=\"https:\/\/tfii.kmutnb.ac.th\/en\/wp-content\/uploads\/2025\/01\/P1146051-1024x683.jpg\" class=\"attachment-large size-large\" alt=\"\" srcset=\"https:\/\/tfii.kmutnb.ac.th\/en\/wp-content\/uploads\/2025\/01\/P1146051-1024x683.jpg 1024w, https:\/\/tfii.kmutnb.ac.th\/en\/wp-content\/uploads\/2025\/01\/P1146051-300x200.jpg 300w, https:\/\/tfii.kmutnb.ac.th\/en\/wp-content\/uploads\/2025\/01\/P1146051-768x512.jpg 768w, https:\/\/tfii.kmutnb.ac.th\/en\/wp-content\/uploads\/2025\/01\/P1146051-1536x1024.jpg 1536w, https:\/\/tfii.kmutnb.ac.th\/en\/wp-content\/uploads\/2025\/01\/P1146051-2048x1365.jpg 2048w\" sizes=\"(max-width: 640px) 100vw, 640px\" \/><\/a>\n\t\t\t<\/div><\/figure><figure class='gallery-item'>\n\t\t\t<div class='gallery-icon landscape'>\n\t\t\t\t<a data-elementor-open-lightbox=\"yes\" data-elementor-lightbox-slideshow=\"44d9603\" data-elementor-lightbox-title=\"P1146052\" data-e-action-hash=\"#elementor-action%3Aaction%3Dlightbox%26settings%3DeyJpZCI6MjQyNzgsInVybCI6Imh0dHBzOlwvXC90ZmlpLmttdXRuYi5hYy50aFwvZW5cL3dwLWNvbnRlbnRcL3VwbG9hZHNcLzIwMjVcLzAxXC9QMTE0NjA1Mi1zY2FsZWQuanBnIiwic2xpZGVzaG93IjoiNDRkOTYwMyJ9\" href='https:\/\/tfii.kmutnb.ac.th\/en\/wp-content\/uploads\/2025\/01\/P1146052-scaled.jpg'><img loading=\"lazy\" decoding=\"async\" width=\"640\" height=\"427\" src=\"https:\/\/tfii.kmutnb.ac.th\/en\/wp-content\/uploads\/2025\/01\/P1146052-1024x683.jpg\" class=\"attachment-large size-large\" alt=\"\" srcset=\"https:\/\/tfii.kmutnb.ac.th\/en\/wp-content\/uploads\/2025\/01\/P1146052-1024x683.jpg 1024w, https:\/\/tfii.kmutnb.ac.th\/en\/wp-content\/uploads\/2025\/01\/P1146052-300x200.jpg 300w, https:\/\/tfii.kmutnb.ac.th\/en\/wp-content\/uploads\/2025\/01\/P1146052-768x512.jpg 768w, https:\/\/tfii.kmutnb.ac.th\/en\/wp-content\/uploads\/2025\/01\/P1146052-1536x1024.jpg 1536w, https:\/\/tfii.kmutnb.ac.th\/en\/wp-content\/uploads\/2025\/01\/P1146052-2048x1365.jpg 2048w\" sizes=\"(max-width: 640px) 100vw, 640px\" \/><\/a>\n\t\t\t<\/div><\/figure>\n\t\t<\/div>\n\t\t<\/div>\n\t\t\t\t\t\t<\/div>\n\t\t\t\t<\/div>\n\t\t\t\t\t<\/div>\n\t\t\t\t<\/div>\n\t\t<div class=\"elementor-element elementor-element-0871b00 e-flex e-con-boxed e-con e-parent\" data-id=\"0871b00\" data-element_type=\"container\">\n\t\t\t\t\t<div class=\"e-con-inner\">\n\t\t\t\t<div class=\"elementor-element elementor-element-43061a0 elementor-widget elementor-widget-spacer\" data-id=\"43061a0\" data-element_type=\"widget\" data-widget_type=\"spacer.default\">\n\t\t\t\t<div class=\"elementor-widget-container\">\n\t\t\t\t\t\t\t<div class=\"elementor-spacer\">\n\t\t\t<div class=\"elementor-spacer-inner\"><\/div>\n\t\t<\/div>\n\t\t\t\t\t\t<\/div>\n\t\t\t\t<\/div>\n\t\t\t\t\t<\/div>\n\t\t\t\t<\/div>\n\t\t\t\t<\/div>\n\t\t","protected":false},"excerpt":{"rendered":"<p>Operational Activities of Research, Development and Tec&#8230;<\/p>\n","protected":false},"author":1,"featured_media":0,"parent":0,"menu_order":0,"comment_status":"closed","ping_status":"closed","template":"","meta":{"_monsterinsights_skip_tracking":false,"_monsterinsights_sitenote_active":false,"_monsterinsights_sitenote_note":"","_monsterinsights_sitenote_category":0,"footnotes":""},"class_list":["post-24253","page","type-page","status-publish","hentry"],"aioseo_notices":[],"_links":{"self":[{"href":"https:\/\/tfii.kmutnb.ac.th\/en\/wp-json\/wp\/v2\/pages\/24253","targetHints":{"allow":["GET"]}}],"collection":[{"href":"https:\/\/tfii.kmutnb.ac.th\/en\/wp-json\/wp\/v2\/pages"}],"about":[{"href":"https:\/\/tfii.kmutnb.ac.th\/en\/wp-json\/wp\/v2\/types\/page"}],"author":[{"embeddable":true,"href":"https:\/\/tfii.kmutnb.ac.th\/en\/wp-json\/wp\/v2\/users\/1"}],"replies":[{"embeddable":true,"href":"https:\/\/tfii.kmutnb.ac.th\/en\/wp-json\/wp\/v2\/comments?post=24253"}],"version-history":[{"count":19,"href":"https:\/\/tfii.kmutnb.ac.th\/en\/wp-json\/wp\/v2\/pages\/24253\/revisions"}],"predecessor-version":[{"id":24749,"href":"https:\/\/tfii.kmutnb.ac.th\/en\/wp-json\/wp\/v2\/pages\/24253\/revisions\/24749"}],"wp:attachment":[{"href":"https:\/\/tfii.kmutnb.ac.th\/en\/wp-json\/wp\/v2\/media?parent=24253"}],"curies":[{"name":"wp","href":"https:\/\/api.w.org\/{rel}","templated":true}]}}